{"id":470,"date":"2024-03-27T19:26:20","date_gmt":"2024-03-27T19:26:20","guid":{"rendered":"https:\/\/www.medica2002.com\/premiodeciencias\/?page_id=470"},"modified":"2026-03-25T23:02:57","modified_gmt":"2026-03-25T23:02:57","slug":"convocatoria-2025-2026","status":"publish","type":"page","link":"https:\/\/www.medica2002.com\/premiodeciencias\/","title":{"rendered":"convocatoria 2025-2026"},"content":{"rendered":"<div class=\"space_40 clearfix\"><\/div>\n<p><span style=\"color: #000000;\"><div class=\"hrule clearfix\"><\/div><\/span><\/p>\n<div><span style=\"color: #000000;\">\u00a0El premio DR. RAM\u00d3N JIM\u00c9NEZ CABALLERO es otorgado a los\u00a0estudiantes de Medicina de la Universidad Aut\u00f3noma Benito Ju\u00e1rez de Oaxaca (UABJO) en reconocimiento a su destacado desempe\u00f1o acad\u00e9mico y esp\u00edritu humanitario con la esperanza que sea un valioso miembro del cuerpo m\u00e9dico nacional qui\u00e9n contribuir\u00e1 a la prosperidad de su comunidad y del Estado de Oaxaca.<\/span><\/div>\n<div><\/div>\n<div>\n<div class=\"page\" title=\"Page 1\">\n<div class=\"layoutArea\">\n<div class=\"column\">\n<p><span style=\"color: #000000;\">En su D\u00e9cimo octavo aniversario luctuoso, El Comit\u00e9 de Seattle, <em>Washington<\/em>. U.S.A, ha decidido otorgar un primer lugar.<\/span><\/p>\n<\/div>\n<\/div>\n<\/div>\n<\/div>\n<h3><\/h3>\n<p>&nbsp;<\/p>\n<div>\n<h3><span style=\"color: #000000;\">REQUISITOS<\/span><\/h3>\n<ul>\n<li><span style=\"color: #000000;\">El candidato (a) deber\u00e1 estar en el 5o a\u00f1o de la licenciatura de M\u00e9dico Cirujano, en la Facultad de Medicina y Cirug\u00eda de la UABJO.<\/span><\/li>\n<li><span style=\"color: #000000;\">Tener un promedio general m\u00ednimo de 9.0. Este premio se otorga con preferencia a estudiantes de medicina d\u00e9biles socioecon\u00f3micamente y de zonas rurales.<\/span><\/li>\n<li class=\"layoutArea\">\n<div class=\"column\">\n<p><span style=\"color: #000000;\">Entregar evidencia documental que demuestre haber participado en servicio comunitario, constancias firmadas por organizaciones sociales, instituciones p\u00fablicas, autoridad municipal.<\/span><br \/>\n<span style=\"color: #000000;\">Queda sin validez constancias de la Cruz Roja.<\/span><\/p>\n<\/div>\n<\/li>\n<li><span style=\"color: #000000;\">Entregar constancias que demuestren sus diversas experiencias de compromiso y esp\u00edritu de servicio a la Facultad.<\/span><\/li>\n<\/ul>\n<p>&nbsp;<\/p>\n<\/div>\n<div><\/div>\n<div><\/div>\n<div>\n<h3><span style=\"color: #000000;\">BASES<\/span><\/h3>\n<div>\n<p>&nbsp;<\/p>\n<ul>\n<li><span style=\"color: #000000;\"><span style=\"color: #000000;\">La recepci\u00f3n de documentos estar\u00e1 vigente a partir de la publicaci\u00f3n de la presente convocatoria, <strong>hasta el luness 18 de mayo de 2026 a las 12:00 hrs. <\/strong>Con la Lic. Ver\u00f3nica R\u00edos Garc\u00eda en Direcci\u00f3n (planta alta).<br \/>\n<strong><br \/>\nContacto: 951 5702807<br \/>\nE-mail: direccion@medicinauabjo.com.mx<\/strong><\/span><\/span><\/li>\n<li><span style=\"color: #000000;\">Los fondos para el premio son financiados por Ram\u00f3n Jim\u00e9nez Caballero Medical Sciences Prize Committee, Seattle, Washington, USA.\u00a0<\/span><\/li>\n<li><span style=\"color: #000000;\">La selecci\u00f3n la llevar\u00e1 a cabo un Comit\u00e9 integrado por profesores de la Facultad de Medicina y Cirug\u00eda de la UABJO.<\/span><\/li>\n<li><span style=\"color: #000000;\">Los resultados se dar\u00e1n a conocer en la ceremonia de graduaci\u00f3n 2026.<\/span><\/li>\n<\/ul>\n<\/div>\n<\/div>\n<p>&nbsp;<\/p>\n<p><span style=\"color: #000000;\"><div class=\"row\"> <div class=\"col-md-6\"><\/span><\/p>\n<div>\n<h3><span style=\"color: #000000;\">El premio consiste en:<\/span><\/h3>\n<div><span style=\"color: #000000;\">1 Primer lugar<\/span><\/div>\n<div><span style=\"color: #000000;\">Diploma<\/span><\/div>\n<div><span style=\"color: #000000;\">Medalla de plata<\/span><\/div>\n<div><span style=\"color: #000000;\">Efectivo de $1,000.00<\/span><\/div>\n<div><span style=\"color: #000000;\">(d\u00f3lares americanos o su equivalente en pesos)<\/span><\/div>\n<\/div>\n<div><span style=\"color: #000000;\">\u00a0<\/span><\/div>\n<div><span style=\"color: #000000;\">\u00a0<\/span><\/div>\n<p><span style=\"color: #000000;\"><\/div><div class=\"col-md-6\"><\/span><\/p>\n<div><span style=\"color: #000000;\">\u00a0<\/span><\/div>\n<div><span style=\"color: #000000;\">\u00a0<\/div><\/div><\/span><\/div>\n<p><span style=\"color: #000000;\"><div class=\"row\"> <div class=\"col-md-6\"><\/span><\/p>\n<h3><span style=\"color: #000000;\">MIEMBROS DEL COMIT\u00c9<\/span><\/h3>\n<p><span style=\"color: #000000;\">Dr. George M. Martin<\/span><br \/>\n<span style=\"color: #000000;\"> Leslie Grace<\/span><br \/>\n<span style=\"color: #000000;\"> Ruthanna Bayless<\/span><br \/>\n<span style=\"color: #000000;\"> Marcia Wanderer<\/span><br \/>\n<span style=\"color: #000000;\"> Fred &amp; Marilyn Tausend<\/span><br \/>\n<span style=\"color: #000000;\"> Anne Jonson<\/span><br \/>\n<span style=\"color: #000000;\"> Cathy &amp; Pat Heffron<\/span><br \/>\n<span style=\"color: #000000;\"> Gary &amp; Linda Oman<\/span><br \/>\n<span style=\"color: #000000;\"> Marilyn Tausend<\/span><br \/>\n<span style=\"color: #000000;\"> Vasiliki Dwyer<\/span><\/p>\n<p><span style=\"color: #000000;\"><\/div><div class=\"col-md-6\"><\/span><\/p>\n<h3><span style=\"color: #000000;\">COMIT\u00c9 EVALUADOR OAXAQUE\u00d1O<\/span><\/h3>\n<p><span style=\"color: #000000;\">Dr. Ernesto Oscar P\u00e9rez Matos<\/span><br \/>\n<span style=\"color: #000000;\"> Dr. Eduardo Ekdesman<\/span><br \/>\n<span style=\"color: #000000;\"> Dr. Angel Porras Ram\u00edrez<\/span><br \/>\n<span style=\"color: #000000;\"> Dr. Guilebaldo Cruz Cort\u00e9s<\/span><br \/>\n<span style=\"color: #000000;\"> Dr. Alejandro Crisp\u00edn G\u00f3mez D\u00edaz<\/span><br \/>\n<span style=\"color: #000000;\"> Dr. Fidel Herminio L\u00f3pez L\u00f3pez<\/span><br \/>\n<span style=\"color: #000000;\"> Dr. Fernando Ram\u00edrez Galarde<\/span><br \/>\n<span style=\"color: #000000;\"> Dr. Luis Manuel S\u00e1nchez Navarro<br \/>\nDr. Julio Agust\u00edn Garc\u00eda Ba\u00f1os<br \/>\nDr. Judith Luna \u00c1ngel<br \/>\nDr. Miguel \u00c1ngel Reyes Franco<br \/>\nDr. No\u00e9 D\u00edaz San Juan<br \/>\nDr. Eduardo P\u00e9rez Ortega<br \/>\nDra. Nadia Virginia L\u00f3pez Dom\u00ednguez<br \/>\nJuana Irene Rodr\u00edguez Vel\u00e1squez<\/span><\/p>\n<p><span style=\"color: #000000;\"><\/div><\/div><\/span><\/p>\n<p>&nbsp;<\/p>\n<p>&nbsp;<\/p>\n<div class=\"su-spacer\" style=\"height:50px\"><\/div>\n<h3><img loading=\"lazy\" decoding=\"async\" class=\"alignnone wp-image-447 size-full\" src=\"https:\/\/www.medica2002.com\/premiodeciencias\/wp-content\/uploads\/2023\/09\/footer-2023.jpg\" alt=\"\" width=\"1280\" height=\"600\" srcset=\"https:\/\/www.medica2002.com\/premiodeciencias\/wp-content\/uploads\/2023\/09\/footer-2023.jpg 1280w, https:\/\/www.medica2002.com\/premiodeciencias\/wp-content\/uploads\/2023\/09\/footer-2023-300x141.jpg 300w, https:\/\/www.medica2002.com\/premiodeciencias\/wp-content\/uploads\/2023\/09\/footer-2023-1024x480.jpg 1024w, https:\/\/www.medica2002.com\/premiodeciencias\/wp-content\/uploads\/2023\/09\/footer-2023-768x360.jpg 768w\" sizes=\"auto, (max-width: 1280px) 100vw, 1280px\" \/><\/h3>\n<p><span style=\"color: #000000;\"><div class=\"hrule clearfix\"><\/div><\/span><\/p>\n<p>&nbsp;<\/p>\n<div class=\"su-row\"><div class=\"su-column su-column-size-1-2\"><div class=\"su-column-inner su-u-clearfix su-u-trim\">\n<p><img loading=\"lazy\" decoding=\"async\" class=\"alignnone wp-image-350\" src=\"https:\/\/www.medica2002.com\/premiodeciencias\/wp-content\/uploads\/2020\/08\/drramon.jpg\" alt=\"\" width=\"390\" height=\"561\" \/><\/p>\n<\/div><\/div>\n<div class=\"su-column su-column-size-1-2\"><div class=\"su-column-inner su-u-clearfix su-u-trim\">\n<h3 style=\"text-align: center;\"><strong>Ganadores de a\u00f1os pasados:<\/strong><\/h3>\n<p class=\"p1\" style=\"text-align: center;\">Dra. Shirel Abigail Gonz\u00e1lez Hern\u00e1ndez (2024)<br \/>\nDr. Daniel Mauricio Morales Molina (2023)<br \/>\nDra. Gladys Flores L\u00f3pez (2022)<br \/>\nDra. Aurora Joselyn S\u00e1nchez G\u00f3mez (2021)<br \/>\nDra. Brenda Karina Mart\u00ednez Urbi\u00f1a (2020)<br \/>\nDr. Jos\u00e9 Alberto Cruz Garc\u00eda (2019)<br \/>\nDr. Miguel \u00c1ngel Espinosa Franklin (2018)<br \/>\nDr. Armando Omar Garc\u00eda Mat\u00edas (2018)<br \/>\nDra. Sarai Montserrat Illescas M\u00e9ndez (2017)<br \/>\nDr. Eli David Hern\u00e1ndez G\u00f3mez (2017)<br \/>\nDr. Luis Alberto Ru\u00edz Rios (2016)<br \/>\nDr. Pedro Francisco Rodr\u00edguez Cortes (2015)<br \/>\nDr. Germ\u00e1n Iv\u00e1n Canseco Norberto (2014)<br \/>\nDra. Lucero Jazm\u00edn Rodr\u00edguez Vel\u00e1squez (2013)<br \/>\nDra. Alejandra Xianij Lara Reyes (2012)<br \/>\nDr. Gonzalo Carazo Vargas (2011)<br \/>\nDra. Alma Ver\u00f3nica Mart\u00ednez Luis (2010)<br \/>\nDra. Elizabeth P\u00e9rez Hern\u00e1ndez (2009)<\/p>\n<\/div><\/div><\/div>\n<div class=\"hrule clearfix\"><\/div>\n<p>&nbsp;<\/p>\n<ul id=\"menu-solo-galeria\" class=\"menu\"><li id=\"menu-item-442\" class=\"menu-item menu-item-type-post_type menu-item-object-page menu-item-442\"><a href=\"https:\/\/www.medica2002.com\/premiodeciencias\/galeria-de-fotos\/\">Galer\u00eda de fotos<\/a><\/li>\n<li id=\"menu-item-505\" class=\"menu-item menu-item-type-custom menu-item-object-custom menu-item-505\"><a href=\"https:\/\/www.medica2002.com\/premiodeciencias\/wp-content\/uploads\/2026\/03\/formato-inscripcion-XVIII-2.pdf\">Descargar inscripci\u00f3n<\/a><\/li>\n<\/ul>\n","protected":false},"excerpt":{"rendered":"<p>\u00a0El premio DR. RAM\u00d3N JIM\u00c9NEZ CABALLERO es otorgado a los\u00a0estudiantes de Medicina de la Universidad Aut\u00f3noma Benito Ju\u00e1rez de Oaxaca (UABJO) en reconocimiento a su destacado desempe\u00f1o acad\u00e9mico y esp\u00edritu humanitario con la esperanza que sea un valioso miembro del cuerpo m\u00e9dico nacional qui\u00e9n contribuir\u00e1 a la prosperidad de su comunidad y del Estado de [&hellip;]<\/p>\n","protected":false},"author":1,"featured_media":0,"parent":0,"menu_order":0,"comment_status":"closed","ping_status":"closed","template":"","meta":{"footnotes":""},"class_list":["post-470","page","type-page","status-publish","hentry"],"_links":{"self":[{"href":"https:\/\/www.medica2002.com\/premiodeciencias\/wp-json\/wp\/v2\/pages\/470","targetHints":{"allow":["GET"]}}],"collection":[{"href":"https:\/\/www.medica2002.com\/premiodeciencias\/wp-json\/wp\/v2\/pages"}],"about":[{"href":"https:\/\/www.medica2002.com\/premiodeciencias\/wp-json\/wp\/v2\/types\/page"}],"author":[{"embeddable":true,"href":"https:\/\/www.medica2002.com\/premiodeciencias\/wp-json\/wp\/v2\/users\/1"}],"replies":[{"embeddable":true,"href":"https:\/\/www.medica2002.com\/premiodeciencias\/wp-json\/wp\/v2\/comments?post=470"}],"version-history":[{"count":17,"href":"https:\/\/www.medica2002.com\/premiodeciencias\/wp-json\/wp\/v2\/pages\/470\/revisions"}],"predecessor-version":[{"id":526,"href":"https:\/\/www.medica2002.com\/premiodeciencias\/wp-json\/wp\/v2\/pages\/470\/revisions\/526"}],"wp:attachment":[{"href":"https:\/\/www.medica2002.com\/premiodeciencias\/wp-json\/wp\/v2\/media?parent=470"}],"curies":[{"name":"wp","href":"https:\/\/api.w.org\/{rel}","templated":true}]}}